{"id":24,"date":"2021-02-11T21:23:01","date_gmt":"2021-02-11T20:23:01","guid":{"rendered":"https:\/\/pestcontrol.sk\/?page_id=24"},"modified":"2021-02-12T20:54:48","modified_gmt":"2021-02-12T19:54:48","slug":"nove-muzeum-otvara-svoje-brany-2","status":"publish","type":"page","link":"https:\/\/pestcontrol.sk\/","title":{"rendered":"deratiz\u00e1cia, dezinsekcia, dezinfekcia"},"content":{"rendered":"\n<div class=\"wp-block-columns is-layout-flex wp-container-core-columns-is-layout-9d6595d7 wp-block-columns-is-layout-flex\">\n<div class=\"wp-block-column is-layout-flow wp-block-column-is-layout-flow\" style=\"flex-basis:100%\">\n<div class=\"wp-block-group\"><div class=\"wp-block-group__inner-container is-layout-flow wp-block-group-is-layout-flow\">\n<div class=\"wp-block-columns is-layout-flex wp-container-core-columns-is-layout-9d6595d7 wp-block-columns-is-layout-flex\">\n<div class=\"wp-block-column is-layout-flow wp-block-column-is-layout-flow\" style=\"flex-basis:100%\">\n<div class=\"wp-block-group alignwide\"><div class=\"wp-block-group__inner-container is-layout-flow wp-block-group-is-layout-flow\">\n<h2 class=\"has-text-align-center wp-block-heading\">str\u00e1nka je moment\u00e1lne v rekon\u0161trukcii <\/h2>\n\n\n\n<div class=\"wp-block-group\"><div class=\"wp-block-group__inner-container is-layout-flow wp-block-group-is-layout-flow\">\n<h4 class=\"has-text-align-center wp-block-heading\">kontakt: j\u00e1n mi\u0161ura 0905 573 147<\/h4>\n<\/div><\/div>\n<\/div><\/div>\n<\/div>\n<\/div>\n<\/div><\/div>\n<\/div>\n<\/div>\n\n\n\n<p><\/p>\n","protected":false},"excerpt":{"rendered":"<p>str\u00e1nka je moment\u00e1lne v rekon\u0161trukcii kontakt: j\u00e1n mi\u0161ura 0905 573 147<\/p>\n","protected":false},"author":1,"featured_media":0,"parent":0,"menu_order":0,"comment_status":"closed","ping_status":"closed","template":"","meta":{"footnotes":""},"class_list":["post-24","page","type-page","status-publish","hentry"],"_links":{"self":[{"href":"https:\/\/pestcontrol.sk\/index.php\/wp-json\/wp\/v2\/pages\/24","targetHints":{"allow":["GET"]}}],"collection":[{"href":"https:\/\/pestcontrol.sk\/index.php\/wp-json\/wp\/v2\/pages"}],"about":[{"href":"https:\/\/pestcontrol.sk\/index.php\/wp-json\/wp\/v2\/types\/page"}],"author":[{"embeddable":true,"href":"https:\/\/pestcontrol.sk\/index.php\/wp-json\/wp\/v2\/users\/1"}],"replies":[{"embeddable":true,"href":"https:\/\/pestcontrol.sk\/index.php\/wp-json\/wp\/v2\/comments?post=24"}],"version-history":[{"count":8,"href":"https:\/\/pestcontrol.sk\/index.php\/wp-json\/wp\/v2\/pages\/24\/revisions"}],"predecessor-version":[{"id":91,"href":"https:\/\/pestcontrol.sk\/index.php\/wp-json\/wp\/v2\/pages\/24\/revisions\/91"}],"wp:attachment":[{"href":"https:\/\/pestcontrol.sk\/index.php\/wp-json\/wp\/v2\/media?parent=24"}],"curies":[{"name":"wp","href":"https:\/\/api.w.org\/{rel}","templated":true}]}}